{"id":66,"date":"2025-06-04T14:39:32","date_gmt":"2025-06-04T12:39:32","guid":{"rendered":"https:\/\/maciamusic.com\/?page_id=66"},"modified":"2025-07-17T18:48:08","modified_gmt":"2025-07-17T16:48:08","slug":"lesson-booking","status":"publish","type":"page","link":"http:\/\/maciamusic.com\/es\/lesson-booking\/","title":{"rendered":"Reserva una clase"},"content":{"rendered":"<div class=\"wp-block-cover alignfull advgb-dyn-90d44c4f\"><img loading=\"lazy\" decoding=\"async\" width=\"1707\" height=\"2560\" class=\"wp-block-cover__image-background wp-image-1027 size-full\" alt=\"\" src=\"http:\/\/maciamusic.com\/wp-content\/uploads\/2025\/07\/pexels-cottonbro-10252604-scaled.jpg\" data-object-fit=\"cover\" srcset=\"http:\/\/maciamusic.com\/wp-content\/uploads\/2025\/07\/pexels-cottonbro-10252604-scaled.jpg 1707w, http:\/\/maciamusic.com\/wp-content\/uploads\/2025\/07\/pexels-cottonbro-10252604-200x300.jpg 200w\" sizes=\"auto, (max-width: 1707px) 100vw, 1707px\" \/><span aria-hidden=\"true\" class=\"wp-block-cover__background has-background-dim-0 has-background-dim\" style=\"background-color:#655c4f\"><\/span><div class=\"wp-block-cover__inner-container is-layout-constrained wp-block-cover-is-layout-constrained\"><p class=\"has-text-align-center has-large-font-size\"><\/p><\/div><\/div><div style=\"height:44px\" aria-hidden=\"true\" class=\"wp-block-spacer advgb-dyn-d18e06f8\"><\/div>\n<div style=\"height:44px\" aria-hidden=\"true\" class=\"wp-block-spacer advgb-dyn-d18e06f8\"><\/div><p class=\"contenedor-ajustado advgb-dyn-0d0a767c\" style=\"font-size:15px\">Hay <strong>Tres rutas principales de clases<\/strong>, combinables seg\u00fan las necesidades del alumno. Sin embargo, las clases son siempre personalizadas <strong>y adaptadas a las metas e intereses del alumno<\/strong>.<\/p><div style=\"height:24px\" aria-hidden=\"true\" class=\"wp-block-spacer advgb-dyn-9821cc03\"><\/div><p class=\"contenedor-ajustado advgb-dyn-38f92ecb\" style=\"font-size:15px\">Si tu objetivo es reforzar tus fundamentos en <strong>teor\u00eda cl\u00e1sica,<\/strong> mejorar tu <strong>producci\u00f3n musical<\/strong> o enfocarte en <strong>componer m\u00fasica original de manera efectiva<\/strong> para videojuegos, cine y otros medios, dise\u00f1aremos un itinerario personalizado. Podremos <strong>revisar tu trabajo,<\/strong> refinar tus <strong>t\u00e9cnicas<\/strong>, explorar las orquestaciones y arreglos, mejorar tu flujo de trabajo y escoger los sonidos y librer\u00edas adecuadas para tu meta. \n\nTanto si est\u00e1s comenzando como si est\u00e1s trabajando en un proyecto profesional, las clases est\u00e1n dise\u00f1adas para apoyar tanto tu creatividad como tu desarrollo t\u00e9cnico.<\/p>\n<div style=\"height:44px\" aria-hidden=\"true\" class=\"wp-block-spacer advgb-dyn-d18e06f8\"><\/div><!-- Cal inline embed code begins -->\n<div style=\"width:100%;height:100%;overflow:auto\" id=\"my-cal-inline-lesson\"><\/div>\n<script type=\"text\/javascript\">\n  (function (C, A, L) {\n    let p = function (a, ar) { a.q.push(ar); };\n    let d = C.document;\n    C.Cal = C.Cal || function () {\n      let cal = C.Cal;\n      let ar = arguments;\n      if (!cal.loaded) {\n        cal.ns = {};\n        cal.q = cal.q || [];\n        d.head.appendChild(d.createElement(\"script\")).src = A;\n        cal.loaded = true;\n      }\n      if (ar[0] === L) {\n        const api = function () { p(api, arguments); };\n        const namespace = ar[1];\n        api.q = api.q || [];\n        if (typeof namespace === \"string\") {\n          cal.ns[namespace] = cal.ns[namespace] || api;\n          p(cal.ns[namespace], ar);\n          p(cal, [\"initNamespace\", namespace]);\n        } else {\n          p(cal, ar);\n        }\n        return;\n      }\n      p(cal, ar);\n    };\n  })(window, \"https:\/\/app.cal.com\/embed\/embed.js\", \"init\");\n\n  Cal(\"init\", \"lesson\", { origin: \"https:\/\/app.cal.com\" });\n\n  Cal.ns.lesson(\"inline\", {\n    elementOrSelector: \"#my-cal-inline-lesson\",\n    config: {\n      layout: \"month_view\",\n      theme: \"dark\" \/\/ \ud83d\udc48 Modo claro\n    },\n    calLink: \"alex-macia-2rha9j\/lesson\",\n  });\n\n  Cal.ns.lesson(\"ui\", {\n    hideEventTypeDetails: false,\n    layout: \"month_view\"\n  });\n<\/script>\n<!-- Cal inline embed code ends --><div style=\"height:58px\" aria-hidden=\"true\" class=\"wp-block-spacer advgb-dyn-fecf9cf2\"><\/div><p class=\"contenedor-ajustado advgb-dyn-5acd64af\" style=\"font-size:15px\">Para reservar una clase, simplemente clica en el hueco disponible que prefieras. Puedes reservar una o varias horas. \n\nDespu\u00e9s de completar el pago, recibir\u00e1s un <strong>correo de confirmaci\u00f3n <\/strong>y tu clase quedar\u00e1 reservada.<\/p><p class=\"contenedor-ajustado advgb-dyn-21e95dcb\" style=\"font-size:15px\"><br>Las clases se desarrollar\u00e1n via <strong>Microsoft Teams,<\/strong> escogido dada su excelente calidad y transmisi\u00f3n de audio. Una vez tu hueco est\u00e9 confirmado, <strong>recibir\u00e1s un enlace de \"Teams\"<\/strong> para unirte a la sesi\u00f3n en el d\u00eda y hora reservados.<br>No es necesaria la instalaci\u00f3n de Microsoft Teams. Puedes unirte directamente usando Google Chrome, Firefox y otros muchos navegadores web.<\/p><p class=\"contenedor-ajustado advgb-dyn-64a5d800\" style=\"font-size:15px\"><\/p><p><\/p><style class=\"advgb-styles-renderer\">@media (min-width: 768px) and (max-width: 1024px) { .advgb-dyn-d18e06f8 { display: none !important; } } @media (max-width: 767px) { .advgb-dyn-d18e06f8 { display: none !important; } }@media (min-width: 768px) and (max-width: 1024px) { .advgb-dyn-d18e06f8 { display: none !important; } } @media (max-width: 767px) { .advgb-dyn-d18e06f8 { display: none !important; } }<\/style>","protected":false},"excerpt":{"rendered":"<p>There are three main lesson paths, which can be combined depending on the student\u2019s needs, However, lessons are always adapted to the student\u2019s personal goals. Whether you&#8217;re looking to strengthen your foundation in classical theory, improve your music production skills, or focus on composing original music for video games, film or other media, I\u2019ll guide&hellip;&nbsp;<a href=\"http:\/\/maciamusic.com\/es\/lesson-booking\/\" rel=\"bookmark\"><span class=\"screen-reader-text\">Reserva una clase<\/span><\/a><\/p>","protected":false},"author":1,"featured_media":0,"parent":0,"menu_order":0,"comment_status":"closed","ping_status":"closed","template":"","meta":{"advgb_blocks_editor_width":"","advgb_blocks_columns_visual_guide":"","neve_meta_sidebar":"","neve_meta_container":"","neve_meta_enable_content_width":"","neve_meta_content_width":0,"neve_meta_title_alignment":"","neve_meta_author_avatar":"","neve_post_elements_order":"","neve_meta_disable_header":"","neve_meta_disable_footer":"","neve_meta_disable_title":"","_mc_calendar":[],"footnotes":""},"class_list":["post-66","page","type-page","status-publish","hentry"],"coauthors":[],"author_meta":{"author_link":"http:\/\/maciamusic.com\/es\/author\/admin5470\/","display_name":"Alejandro Maci\u00e1"},"relative_dates":{"created":"Publicado 11 meses hace","modified":"Actualizado 10 meses hace"},"absolute_dates":{"created":"Publicado el 4 junio 2025","modified":"Actualizado el 17 julio 2025"},"absolute_dates_time":{"created":"Publicado el 4 junio 2025 14h39","modified":"Actualizado el 17 julio 2025 18h48"},"featured_img_caption":"","featured_img":false,"series_order":"","_links":{"self":[{"href":"http:\/\/maciamusic.com\/es\/wp-json\/wp\/v2\/pages\/66","targetHints":{"allow":["GET"]}}],"collection":[{"href":"http:\/\/maciamusic.com\/es\/wp-json\/wp\/v2\/pages"}],"about":[{"href":"http:\/\/maciamusic.com\/es\/wp-json\/wp\/v2\/types\/page"}],"author":[{"embeddable":true,"href":"http:\/\/maciamusic.com\/es\/wp-json\/wp\/v2\/users\/1"}],"replies":[{"embeddable":true,"href":"http:\/\/maciamusic.com\/es\/wp-json\/wp\/v2\/comments?post=66"}],"version-history":[{"count":66,"href":"http:\/\/maciamusic.com\/es\/wp-json\/wp\/v2\/pages\/66\/revisions"}],"predecessor-version":[{"id":1151,"href":"http:\/\/maciamusic.com\/es\/wp-json\/wp\/v2\/pages\/66\/revisions\/1151"}],"wp:attachment":[{"href":"http:\/\/maciamusic.com\/es\/wp-json\/wp\/v2\/media?parent=66"}],"curies":[{"name":"wp","href":"https:\/\/api.w.org\/{rel}","templated":true}]}}