{"id":147,"date":"2025-06-07T13:47:29","date_gmt":"2025-06-07T11:47:29","guid":{"rendered":"https:\/\/maciamusic.com\/?page_id=147"},"modified":"2026-02-11T18:11:50","modified_gmt":"2026-02-11T17:11:50","slug":"home","status":"publish","type":"page","link":"http:\/\/maciamusic.com\/es\/","title":{"rendered":"Principal"},"content":{"rendered":"<div class=\"wp-block-columns is-not-stacked-on-mobile is-layout-flex wp-container-core-columns-is-layout-9d6595d7 wp-block-columns-is-layout-flex advgb-dyn-73de930b\"><div class=\"wp-block-column is-layout-flow wp-block-column-is-layout-flow\">\n<div class=\"hero-header advgb-dyn-04e2428d\">\n    <div class=\"site-title\">\n        MACIAMUSIC\n        <div class=\"site-subtitle\">Compositor, productor, m\u00fasico y youtuber.<\/div>\n    <\/div>\n<\/div><\/div><\/div>\n<div style=\"height:0px\" aria-hidden=\"true\" class=\"wp-block-spacer ocultar-en-movil advgb-dyn-20fd7ed0\"><\/div>\n<div style=\"height:138px\" aria-hidden=\"true\" class=\"wp-block-spacer advgb-dyn-e7cce9d4\"><\/div><p class=\"contenedor-ajustado\" style=\"font-size:15px\"><strong>Soy Alejandro Maci\u00e1, compositor, m\u00fasico, productor y creador de contenido.<\/strong><br><br>Desde 2019 he trabajado profesionalmente en la industria del sonido y las bandas sonoras desde mi propio estudio equipado para grabar y producir de manera profesional. <br><br>Estudi\u00e9 el superior de m\u00fasica en el Real Conservatorio Superior de Madrid y el master en MUHO Mannheim (Alemania). Luego complet\u00e9 mis estudios de composici\u00f3n en la Escuela Creativa de Madrid. A lo largo de los a\u00f1os he colaborado con orquestas nacionales e internacionales pero mi enfoque principal <strong>es componer y producir bandas sonoras<\/strong> para estudios de videojuegos como <a href=\"https:\/\/www.majorariatto.com\/\">Majorariatto (Alva Majo)<\/a>, <a href=\"https:\/\/store.steampowered.com\/developer\/GiusCaminiti?\">Gius Caminiti<\/a>, <a href=\"https:\/\/guinxu.com\/\">Guinxu<\/a>y m\u00fasica para teatro como para <a href=\"https:\/\/latartanateatro.com\/\">La Tartana Teatro<\/a>. <\/p><p class=\"contenedor-ajustado\" style=\"font-size:15px\">Tambi\u00e9n comparto mi trabajo y experiencias componiendo en <a href=\"https:\/\/www.youtube.com\/channel\/UCzjBFFDXputCs30qNp03Srw\">YouTube<\/a> y, tambi\u00e9n, ofrezco <a href=\"https:\/\/maciamusic.com\/es\/lesson-booking\/\" data-type=\"page\" data-id=\"66\">clases privadas<\/a> de composici\u00f3n y producci\u00f3n musical tanto en ingl\u00e9s como en espa\u00f1ol.<\/p>\n<div style=\"height:172px\" aria-hidden=\"true\" class=\"wp-block-spacer advgb-dyn-ac7e6e54\"><\/div>\n<div class=\"wp-block-cover alignfull advgb-dyn-ca971df5\"><span aria-hidden=\"true\" class=\"wp-block-cover__background has-background-dim-100 has-background-dim\" style=\"background-color:#1f3b4d\"><\/span><div class=\"wp-block-cover__inner-container is-layout-constrained wp-block-cover-is-layout-constrained\"><div style=\"height:80px\" aria-hidden=\"true\" class=\"wp-block-spacer\"><\/div>\n\n<div class=\"wp-block-group\"><div class=\"wp-block-group__inner-container is-layout-constrained wp-block-group-is-layout-constrained\"><p class=\"has-text-align-center has-nv-site-bg-color has-text-color has-link-color wp-elements-e4162cb09bb0c9870ffb596743843408\" style=\"font-size:32px\"><strong>Bandas sonoras destacadas<\/strong><\/p>\n\n<div style=\"height:49px\" aria-hidden=\"true\" class=\"wp-block-spacer\"><\/div><\/div><\/div>\n\n<div class=\"wp-block-columns is-layout-flex wp-container-core-columns-is-layout-9d6595d7 wp-block-columns-is-layout-flex\"><div class=\"wp-block-column is-layout-flow wp-block-column-is-layout-flow\" style=\"flex-basis:130px\"><\/div>\n\n<div class=\"wp-block-column is-layout-flow wp-block-column-is-layout-flow\"><div class=\"contenedor-ajustado\">\n    <iframe style=\"border-radius:12px; max-width: 100%;\" \n        src=\"https:\/\/open.spotify.com\/embed\/track\/0e9dATGqo5KON9Ia80FHiq?utm_source=generator&#038;theme=0\" \n        width=\"100%\" height=\"352\" frameborder=\"0\" allowfullscreen=\"\" \n        allow=\"autoplay; clipboard-write; encrypted-media; fullscreen; picture-in-picture\" loading=\"lazy\">\n    <\/iframe>\n<\/div>\n\n<div style=\"height:69px\" aria-hidden=\"true\" class=\"wp-block-spacer\"><\/div>\n\n<p class=\"contenedor-ajustado has-text-color has-link-color wp-elements-b24dadd2eeffbc941c3dbeb5f9b3df6c\" style=\"color:#199092;font-size:20px\"><strong><a href=\"https:\/\/store.steampowered.com\/app\/2707490\/Tower_Factory\">Tower Factory<\/a><\/strong><\/p>\n\n<p class=\"contenedor-ajustado has-nv-site-bg-color has-text-color has-link-color wp-elements-8b7c5118fb533444628d3a333e6b0807\"><strong>Tower Factory<\/strong> es un \"tower defense\" y juego de automatizaci\u00f3n con elementos de \"roguelite\". Optimiza la producci\u00f3n de recursos con cintas transportadoras mientras defiendes tu base de oleadas de monstruos. Un juego de <a href=\"https:\/\/store.steampowered.com\/developer\/GiusCaminiti\">Gius Caminiti.<\/a><\/p>\n\n<p class=\"contenedor-ajustado has-nv-site-bg-color has-text-color has-link-color wp-elements-459ae1c99e521169fccee52fe2f2ee23\"><strong>Con una banda sonora neo-minimalista y progresiva que captura los crujidos de las m\u00e1quinas, el roce de la madera, la piedra y el metal.<\/strong><\/p><\/div>\n\n<div class=\"wp-block-column is-layout-flow wp-block-column-is-layout-flow\"><div class=\"contenedor-ajustado\">\n    <iframe style=\"border-radius:12px; max-width: 100%;\" \n        src=\"https:\/\/open.spotify.com\/embed\/track\/0wWyt1evd18OxW2yzPKsl2?utm_source=generator&#038;theme=0\" \n        width=\"100%\" height=\"352\" frameborder=\"0\" allowfullscreen=\"\" \n        allow=\"autoplay; clipboard-write; encrypted-media; fullscreen; picture-in-picture\" loading=\"lazy\">\n    <\/iframe>\n<\/div>\n\n<div style=\"height:69px\" aria-hidden=\"true\" class=\"wp-block-spacer\"><\/div>\n\n<p class=\"contenedor-ajustado has-text-color has-link-color wp-elements-38183e16a7b6c23c673a9a17de77dc3d\" style=\"color:#199092;font-size:20px\"><strong><a href=\"https:\/\/store.steampowered.com\/app\/3445580\/Ambidextro\/\">Ambidextro<\/a><\/strong><\/p>\n\n<p class=\"contenedor-ajustado has-nv-site-bg-color has-text-color has-link-color wp-elements-b072dd63f79c0a29fe3841e1ad6caa0d\"><strong>Un juego multijugador para un solo jugador.<\/strong><br>Controla a dos personajes a la vez, uno con cada mano. Domina tu ambidestreza y rescata al pr\u00edncipe y la princesa juntos. Un juego de <a href=\"https:\/\/www.majorariatto.com\/\">Majoriaratto<\/a>.<\/p>\n\n<p class=\"contenedor-ajustado has-nv-site-bg-color has-text-color has-link-color wp-elements-0c80d4eafc4d4aff17f2bd7ee7f2e2da\"><strong>Con m\u00e1s de 18 minutos de \"dungeon synth\" distorsionado para explorar mazmorras.<\/strong><br>A powerful and gritty soundtrack that brings the dungeon to life.<\/p><\/div>\n\n<div class=\"wp-block-column is-layout-flow wp-block-column-is-layout-flow\" style=\"flex-basis:130px\"><\/div><\/div>\n\n<div style=\"height:73px\" aria-hidden=\"true\" class=\"wp-block-spacer\"><\/div><\/div><\/div>\n<div class=\"wp-block-cover alignfull advgb-dyn-7bd62801\"><span aria-hidden=\"true\" class=\"wp-block-cover__background has-background-dim-100 has-background-dim\" style=\"background-color:#193140\"><\/span><div class=\"wp-block-cover__inner-container is-layout-constrained wp-block-cover-is-layout-constrained\"><div style=\"height:71px\" aria-hidden=\"true\" class=\"wp-block-spacer\"><\/div>\n\n<div class=\"wp-block-columns is-layout-flex wp-container-core-columns-is-layout-9d6595d7 wp-block-columns-is-layout-flex\"><div class=\"wp-block-column is-layout-flow wp-block-column-is-layout-flow\" style=\"flex-basis:130px\"><\/div>\n\n<div class=\"wp-block-column is-layout-flow wp-block-column-is-layout-flow\"><div class=\"contenedor-ajustado\">\n    <iframe style=\"border-radius:12px; max-width: 100%;\" \n        src=\"https:\/\/open.spotify.com\/embed\/track\/1UtTk8LQb5RL96FZa1Qaod?utm_source=generator&#038;theme=0\" \n        width=\"100%\" height=\"352\" frameborder=\"0\" allowfullscreen=\"\" \n        allow=\"autoplay; clipboard-write; encrypted-media; fullscreen; picture-in-picture\" loading=\"lazy\">\n    <\/iframe>\n<\/div>\n\n<div style=\"height:51px\" aria-hidden=\"true\" class=\"wp-block-spacer\"><\/div>\n\n<p class=\"contenedor-ajustado has-text-color has-link-color wp-elements-81ba22027d7f0f25276b1f9af8e9224b\" style=\"color:#199092;font-size:20px\"><a href=\"https:\/\/store.steampowered.com\/app\/1296540\/Flatworld\/\"><strong>Kokoro No Tsuyosa &#8211; Flatworld<\/strong><\/a><\/p>\n\n<p class=\"contenedor-ajustado has-nv-site-bg-color has-text-color has-link-color wp-elements-923b682b228a3791ac029743ad332eea\"><strong>Un \"opening\" estilo anime para el videojuego \"Flatworld\", desarrollado por <a href=\"https:\/\/guinxu.com\/\">Guinxu<\/a>.<\/strong><br>Voz de <a href=\"https:\/\/www.instagram.com\/mandyb.blue\/?hl=es\">Mandy B. Blue<\/a>. Un RPG repleto de mec\u00e1nicas, jefes, mundos y personajes, donde el personaje m\u00e1s d\u00e9bil toma el protagonismo. Una historia con una lecci\u00f3n poderosa.<\/p><\/div>\n\n<div class=\"wp-block-column is-layout-flow wp-block-column-is-layout-flow\"><div class=\"contenedor-ajustado\">\n    <iframe style=\"border-radius:12px; max-width: 100%;\" \n        src=\"https:\/\/open.spotify.com\/embed\/track\/06CpLW70PIGBPSo6JEJFft?utm_source=generator&#038;theme=0\" \n        width=\"100%\" height=\"352\" frameborder=\"0\" allowfullscreen=\"\" \n        allow=\"autoplay; clipboard-write; encrypted-media; fullscreen; picture-in-picture\" loading=\"lazy\">\n    <\/iframe>\n<\/div>\n\n<div style=\"height:51px\" aria-hidden=\"true\" class=\"wp-block-spacer\"><\/div>\n\n<p class=\"contenedor-ajustado has-text-color has-link-color wp-elements-abe91da22e11eaa4f9f22cf20ed22639\" style=\"color:#199092;font-size:20px\"><strong><a href=\"http:\/\/store.steampowered.com\/app\/2263010\/Pineapple_on_pizza\/\">Pineapple on Pizza<\/a><\/strong><\/p>\n\n<p class=\"contenedor-ajustado has-nv-site-bg-color has-text-color has-link-color wp-elements-7f1eadf7b7c8d13da06d998b89f9b853\"><strong>Pineapple on Pizza<\/strong> es un juego especial y as\u00ed es su banda sonora.<br>La banda sonora de <em>Pineapple on Pizza<\/em> est\u00e1 hecha a base de sonidos tribales e isle\u00f1os confeccionando bucles de 15 segundos que, gradualmente, crecen a\u00f1adiendo instrumentos hasta que algo especial ocurre en el juego, cambiando radicalmente la m\u00fasica.<\/p>\n\n<p class=\"contenedor-ajustado has-nv-site-bg-color has-text-color has-link-color wp-elements-0275db2dd591d348012a222237d5b76c\">Esta banda sonora y el juego se convirtieron en una especie de fen\u00f3meno en internet y actualmente supera las dos millones de reproducciones. <br><br>Un juego de <a href=\"https:\/\/www.majorariatto.com\/\">Majoriaratto<\/a>.<\/p><\/div>\n\n<div class=\"wp-block-column is-layout-flow wp-block-column-is-layout-flow\" style=\"flex-basis:130px\"><\/div><\/div>\n\n<div style=\"height:75px\" aria-hidden=\"true\" class=\"wp-block-spacer\"><\/div>\n\n<p class=\"has-text-align-center has-nv-site-bg-color has-text-color has-link-color wp-elements-84f01a1262f986e98c45a640b08a2be4\" style=\"font-size:13px\"><em><a href=\"https:\/\/maciamusic.bandcamp.com\/\">Escucha todos mis proyectos aqu\u00ed<\/a><\/em><\/p>\n\n<div style=\"height:45px\" aria-hidden=\"true\" class=\"wp-block-spacer\"><\/div><\/div><\/div>\n<div class=\"wp-block-cover alignfull is-light advgb-dyn-f28cf2bf\"><span aria-hidden=\"true\" class=\"wp-block-cover__background has-background-dim-100 has-background-dim\" style=\"background-color:#e9e9e9\"><\/span><div class=\"wp-block-cover__inner-container is-layout-constrained wp-block-cover-is-layout-constrained\"><div style=\"height:112px\" aria-hidden=\"true\" class=\"wp-block-spacer\"><\/div>\n\n<p class=\"has-text-align-center has-large-font-size\"><strong>Creaci\u00f3n de contenido<\/strong><\/p>\n\n<div style=\"height:47px\" aria-hidden=\"true\" class=\"wp-block-spacer\"><\/div>\n\n<p class=\"contenedor-ajustado\" style=\"font-size:15px\"><strong>Comparto mi trabajo y conocimientos en YouTube, donde explico el proceso creativo detr\u00e1s de mi m\u00fasica de forma accesible para todos.<\/strong><br>Adem\u00e1s de mostrar c\u00f3mo compongo y produzco mis propias bandas sonoras, tambi\u00e9n analizo m\u00fasica ic\u00f3nica de videojuegos y exploro las t\u00e9cnicas que hacen que estas bandas sonoras sean tan efectivas.<\/p>\n\n<p class=\"contenedor-ajustado\" style=\"font-size:15px\">\u00daltimo v\u00eddeo:<\/p>\n\n<div style=\"height:91px\" aria-hidden=\"true\" class=\"wp-block-spacer\"><\/div>\n\n<div class=\"wp-block-group .mitad-ancho {  width: 50%; margin-left: auto; margin-right: }\"><div class=\"wp-block-group__inner-container is-layout-constrained wp-block-group-is-layout-constrained\"><figure class=\"wp-block-embed alignfull is-type-video is-provider-youtube wp-block-embed-youtube youtube-50 wp-embed-aspect-16-9 wp-has-aspect-ratio\"><div class=\"wp-block-embed__wrapper\">\n<div class=\"nv-iframe-embed\"><iframe loading=\"lazy\" title=\"Comparando la m\u00fasica de FINAL FANTSY con la de BACH\" width=\"1200\" height=\"675\" src=\"https:\/\/www.youtube.com\/embed\/nW3SLbXS-CE?feature=oembed\" frameborder=\"0\" allow=\"accelerometer; autoplay; clipboard-write; encrypted-media; gyroscope; picture-in-picture; web-share\" referrerpolicy=\"strict-origin-when-cross-origin\" allowfullscreen><\/iframe><\/div>\n<\/div><\/figure><\/div><\/div>\n\n<div style=\"height:100px\" aria-hidden=\"true\" class=\"wp-block-spacer\"><\/div>\n\n<p class=\"has-text-align-center\"><em><a href=\"https:\/\/www.youtube.com\/@maciamusic\">Visita todos mis v\u00eddeos<\/a><\/em><\/p>\n\n<div style=\"height:156px\" aria-hidden=\"true\" class=\"wp-block-spacer\"><\/div><\/div><\/div><div class=\"wp-block-cover alignfull is-light\"><span aria-hidden=\"true\" class=\"wp-block-cover__background has-white-background-color has-background-dim-100 has-background-dim\"><\/span><div class=\"wp-block-cover__inner-container is-layout-constrained wp-block-cover-is-layout-constrained\"><div style=\"height:120px\" aria-hidden=\"true\" class=\"wp-block-spacer\"><\/div>\n\n<p class=\"has-text-align-center has-large-font-size\"><strong>Reserva una clase<\/strong><\/p>\n\n<div style=\"height:63px\" aria-hidden=\"true\" class=\"wp-block-spacer\"><\/div>\n\n<p class=\"contenedor-ajustado\" style=\"font-size:15px\">Si te gusta mi trabajo y quieres aprender c\u00f3mo lo hago, necesitas feedback sobre tu propia m\u00fasica o simplemente quieres mejorar tus habilidades musicales, ofrezco clases personalizadas <strong>privadas<\/strong> centradas en la composici\u00f3n musical para cualquier estilo o medio, producci\u00f3n musical, teor\u00eda musical y entrenamiento auditivo.<\/p>\n\n<p class=\"contenedor-ajustado\" style=\"font-size:15px\">Si est\u00e1s interesado puedes reservar una clase online y ver toda la informaci\u00f3n pulsando el siguiente bot\u00f3n:<\/p>\n\n<div style=\"height:36px\" aria-hidden=\"true\" class=\"wp-block-spacer\"><\/div>\n\n<div class=\"wp-block-buttons is-content-justification-center is-layout-flex wp-container-core-buttons-is-layout-16018d1d wp-block-buttons-is-layout-flex\"><div class=\"wp-block-button\"><a class=\"wp-block-button__link wp-element-button\" href=\"https:\/\/maciamusic.com\/es\/lesson-booking\/\">Reserva una clase<\/a><\/div><\/div>\n\n<div style=\"height:98px\" aria-hidden=\"true\" class=\"wp-block-spacer\"><\/div><\/div><\/div><style class=\"advgb-styles-renderer\">@media (min-width: 768px) and (max-width: 1024px) { .advgb-dyn-73de930b { display: none !important; } } @media (max-width: 767px) { .advgb-dyn-73de930b { display: none !important; } }@media (min-width: 768px) and (max-width: 1024px) { .advgb-dyn-04e2428d { display: none !important; } } @media (max-width: 767px) { .advgb-dyn-04e2428d { display: none !important; } }@media (max-width: 767px) { .advgb-dyn-20fd7ed0 { display: none !important; } }@media (min-width: 768px) and (max-width: 1024px) { .advgb-dyn-e7cce9d4 { display: none !important; } } @media (max-width: 767px) { .advgb-dyn-e7cce9d4 { display: none !important; } }@media (min-width: 768px) and (max-width: 1024px) { .advgb-dyn-ac7e6e54 { display: none !important; } } @media (max-width: 767px) { .advgb-dyn-ac7e6e54 { display: none !important; } }@media (min-width: 768px) and (max-width: 1024px) { .advgb-dyn-ca971df5 { display: none !important; } } @media (max-width: 767px) { .advgb-dyn-ca971df5 { display: none !important; } }@media (min-width: 768px) and (max-width: 1024px) { .advgb-dyn-7bd62801 { display: none !important; } } @media (max-width: 767px) { .advgb-dyn-7bd62801 { display: none !important; } }@media (min-width: 768px) and (max-width: 1024px) { .advgb-dyn-f28cf2bf { display: none !important; } } @media (max-width: 767px) { .advgb-dyn-f28cf2bf { display: none !important; } }<\/style>","protected":false},"excerpt":{"rendered":"<p>MACIAMUSIC Composer, producer and performer. I&#8217;m Alejandro Maci\u00e1, composer, music producer and content creator. Since 2019, I&#8217;ve been working professionally in the audio and soundtrack industry from my own studio, fully equipped for recording and music production. I studied classical music at RCSMM Madrid and MUHO Mannheim (Germany), and completed my composition studies at Escuela&hellip;&nbsp;<a href=\"http:\/\/maciamusic.com\/es\/\" rel=\"bookmark\"><span class=\"screen-reader-text\">Principal<\/span><\/a><\/p>","protected":false},"author":1,"featured_media":0,"parent":0,"menu_order":0,"comment_status":"closed","ping_status":"closed","template":"page-templates\/template-pagebuilder-full-width.php","meta":{"advgb_blocks_editor_width":"","advgb_blocks_columns_visual_guide":"","neve_meta_sidebar":"","neve_meta_container":"","neve_meta_enable_content_width":"","neve_meta_content_width":0,"neve_meta_title_alignment":"","neve_meta_author_avatar":"","neve_post_elements_order":"","neve_meta_disable_header":"off","neve_meta_disable_footer":"","neve_meta_disable_title":"on","_mc_calendar":[],"footnotes":""},"class_list":["post-147","page","type-page","status-publish","hentry"],"coauthors":[],"author_meta":{"author_link":"http:\/\/maciamusic.com\/es\/author\/admin5470\/","display_name":"Alejandro Maci\u00e1"},"relative_dates":{"created":"Publicado 11 meses hace","modified":"Actualizado 3 meses hace"},"absolute_dates":{"created":"Publicado el 7 junio 2025","modified":"Actualizado el 11 febrero 2026"},"absolute_dates_time":{"created":"Publicado el 7 junio 2025 13h47","modified":"Actualizado el 11 febrero 2026 18h11"},"featured_img_caption":"","featured_img":false,"series_order":"","_links":{"self":[{"href":"http:\/\/maciamusic.com\/es\/wp-json\/wp\/v2\/pages\/147","targetHints":{"allow":["GET"]}}],"collection":[{"href":"http:\/\/maciamusic.com\/es\/wp-json\/wp\/v2\/pages"}],"about":[{"href":"http:\/\/maciamusic.com\/es\/wp-json\/wp\/v2\/types\/page"}],"author":[{"embeddable":true,"href":"http:\/\/maciamusic.com\/es\/wp-json\/wp\/v2\/users\/1"}],"replies":[{"embeddable":true,"href":"http:\/\/maciamusic.com\/es\/wp-json\/wp\/v2\/comments?post=147"}],"version-history":[{"count":478,"href":"http:\/\/maciamusic.com\/es\/wp-json\/wp\/v2\/pages\/147\/revisions"}],"predecessor-version":[{"id":1244,"href":"http:\/\/maciamusic.com\/es\/wp-json\/wp\/v2\/pages\/147\/revisions\/1244"}],"wp:attachment":[{"href":"http:\/\/maciamusic.com\/es\/wp-json\/wp\/v2\/media?parent=147"}],"curies":[{"name":"wp","href":"https:\/\/api.w.org\/{rel}","templated":true}]}}